{"id":100,"date":"2024-02-29T18:16:08","date_gmt":"2024-02-29T17:16:08","guid":{"rendered":"https:\/\/enkendorfmarkt.de\/?page_id=100"},"modified":"2025-12-22T14:23:47","modified_gmt":"2025-12-22T13:23:47","slug":"aktuelles","status":"publish","type":"page","link":"https:\/\/enkendorfmarkt.de\/?page_id=100","title":{"rendered":"Aktuelles"},"content":{"rendered":"<div class=\"wp-block-image is-style-default wp-duotone-fcb900-ffffff-1\">\n<figure class=\"aligncenter size-full is-resized\"><img loading=\"lazy\" decoding=\"async\" width=\"305\" height=\"174\" src=\"https:\/\/enkendorfmarkt.de\/wp-content\/uploads\/2024\/06\/NEU.png\" alt=\"\" class=\"wp-image-1227\" style=\"aspect-ratio:1.7530033637674196;width:278px;height:auto\" srcset=\"https:\/\/enkendorfmarkt.de\/wp-content\/uploads\/2024\/06\/NEU.png 305w, https:\/\/enkendorfmarkt.de\/wp-content\/uploads\/2024\/06\/NEU-300x171.png 300w\" sizes=\"auto, (max-width: 305px) 100vw, 305px\" \/><\/figure>\n<\/div>\n\n\n<p class=\"has-text-align-right\" style=\"font-size:12px\">Dezember 2025<\/p>\n\n\n\n<p class=\"has-text-align-center\" style=\"font-size:24px\">zum 12. mol hei\u00dft es wida <br>&#8222;<strong>Merk da\u00b4s Datum!<\/strong>&#8222;<\/p>\n\n\n\n<p class=\"has-text-align-center\" style=\"font-size:26px\"><strong>Am 12. September 2026 findet wida d\u00b4 Enkedorfmarkt statt<\/strong><\/p>\n\n\n\n<hr class=\"wp-block-separator has-alpha-channel-opacity is-style-dots\"\/>\n\n\n<div class=\"wp-block-image\">\n<figure class=\"aligncenter size-full is-resized\"><img loading=\"lazy\" decoding=\"async\" width=\"305\" height=\"174\" src=\"https:\/\/enkendorfmarkt.de\/wp-content\/uploads\/2024\/11\/NEU_blau.jpg\" alt=\"\" class=\"wp-image-1428\" style=\"width:247px;height:auto\" srcset=\"https:\/\/enkendorfmarkt.de\/wp-content\/uploads\/2024\/11\/NEU_blau.jpg 305w, https:\/\/enkendorfmarkt.de\/wp-content\/uploads\/2024\/11\/NEU_blau-300x171.jpg 300w\" sizes=\"auto, (max-width: 305px) 100vw, 305px\" \/><\/figure>\n<\/div>\n\n\n<p class=\"has-text-align-right\" style=\"font-size:12px\">Dezember 2024<\/p>\n\n\n\n<div class=\"wp-block-media-text is-stacked-on-mobile\" style=\"grid-template-columns:56% auto\"><figure class=\"wp-block-media-text__media\"><img loading=\"lazy\" decoding=\"async\" width=\"446\" height=\"309\" src=\"https:\/\/enkendorfmarkt.de\/wp-content\/uploads\/2024\/11\/Foto-Vernissage_2024_01.jpg\" alt=\"\" class=\"wp-image-1429 size-full\" srcset=\"https:\/\/enkendorfmarkt.de\/wp-content\/uploads\/2024\/11\/Foto-Vernissage_2024_01.jpg 446w, https:\/\/enkendorfmarkt.de\/wp-content\/uploads\/2024\/11\/Foto-Vernissage_2024_01-300x208.jpg 300w, https:\/\/enkendorfmarkt.de\/wp-content\/uploads\/2024\/11\/Foto-Vernissage_2024_01-390x270.jpg 390w\" sizes=\"auto, (max-width: 446px) 100vw, 446px\" \/><\/figure><div class=\"wp-block-media-text__content\">\n<p class=\"has-text-align-center\">Iladig an d\u00b4 Vernissage und Fotousstellung im Landhuus Weincaf\u00e9. <br>K\u00f6mmet vorbei und lueget euch Fotos vom Enkedorfmarkt a!<\/p>\n<\/div><\/div>\n\n\n\n<div class=\"wp-block-media-text has-media-on-the-right is-stacked-on-mobile\" style=\"grid-template-columns:auto 55%\"><div class=\"wp-block-media-text__content\">\n<p class=\"has-text-align-center\"><a href=\"https:\/\/malcomesserli.photography\/\">Malco Messerli 8lines GmbH<\/a><\/p>\n<\/div><figure class=\"wp-block-media-text__media\"><img loading=\"lazy\" decoding=\"async\" width=\"644\" height=\"449\" src=\"https:\/\/enkendorfmarkt.de\/wp-content\/uploads\/2024\/11\/Foto-Vernissage_2024_02.jpg\" alt=\"\" class=\"wp-image-1430 size-full\" srcset=\"https:\/\/enkendorfmarkt.de\/wp-content\/uploads\/2024\/11\/Foto-Vernissage_2024_02.jpg 644w, https:\/\/enkendorfmarkt.de\/wp-content\/uploads\/2024\/11\/Foto-Vernissage_2024_02-300x209.jpg 300w, https:\/\/enkendorfmarkt.de\/wp-content\/uploads\/2024\/11\/Foto-Vernissage_2024_02-387x270.jpg 387w\" sizes=\"auto, (max-width: 644px) 100vw, 644px\" \/><\/figure><\/div>\n\n\n\n<hr class=\"wp-block-separator aligncenter has-alpha-channel-opacity is-style-dots\"\/>\n\n\n\n<p class=\"has-text-align-center\" id=\"Merkdas\" style=\"font-size:26px\">&#8222;Merk da s&#8216; Datum&#8220;<br><strong>Am 07. September 2024 isch es wieder sowit.<\/strong><\/p>\n\n\n\n<p class=\"has-text-align-center\" style=\"font-size:20px\"><strong>D\u00b4 Enkedorfmarkt gits jetz au uf Facebook. Lueget doch mol vorbei.<\/strong><\/p>\n\n\n\n<ul class=\"wp-block-social-links aligncenter has-huge-icon-size is-style-logos-only is-content-justification-center is-layout-flex wp-container-core-social-links-is-layout-16018d1d wp-block-social-links-is-layout-flex\"><li class=\"wp-social-link wp-social-link-facebook  wp-block-social-link\"><a rel=\"noopener nofollow\" target=\"_blank\" href=\"https:\/\/www.facebook.com\/profile.php?id=61564901331858&#038;mibextid=ZbWKwL\" class=\"wp-block-social-link-anchor\"><svg width=\"24\" height=\"24\" viewBox=\"0 0 24 24\" version=\"1.1\" xmlns=\"http:\/\/www.w3.org\/2000\/svg\" aria-hidden=\"true\" focusable=\"false\"><path d=\"M12 2C6.5 2 2 6.5 2 12c0 5 3.7 9.1 8.4 9.9v-7H7.9V12h2.5V9.8c0-2.5 1.5-3.9 3.8-3.9 1.1 0 2.2.2 2.2.2v2.5h-1.3c-1.2 0-1.6.8-1.6 1.6V12h2.8l-.4 2.9h-2.3v7C18.3 21.1 22 17 22 12c0-5.5-4.5-10-10-10z\"><\/path><\/svg><span class=\"wp-block-social-link-label screen-reader-text\">Facebook<\/span><\/a><\/li><\/ul>\n\n\n\n<hr class=\"wp-block-separator aligncenter has-alpha-channel-opacity is-style-dots\"\/>\n\n\n\n<figure class=\"wp-block-video\"><video height=\"430\" style=\"aspect-ratio: 848 \/ 430;\" width=\"848\" controls src=\"https:\/\/enkendorfmarkt.de\/wp-content\/uploads\/2024\/03\/Am07092024IstEsSoweit.mp4\"><\/video><\/figure>\n\n\n\n<hr class=\"wp-block-separator has-alpha-channel-opacity is-style-dots\"\/>\n\n\n\n<figure class=\"wp-block-image size-full is-resized\"><img loading=\"lazy\" decoding=\"async\" width=\"305\" height=\"174\" src=\"https:\/\/enkendorfmarkt.de\/wp-content\/uploads\/2024\/06\/NEU.png\" alt=\"\" class=\"wp-image-1227\" style=\"width:269px;height:auto\" srcset=\"https:\/\/enkendorfmarkt.de\/wp-content\/uploads\/2024\/06\/NEU.png 305w, https:\/\/enkendorfmarkt.de\/wp-content\/uploads\/2024\/06\/NEU-300x171.png 300w\" sizes=\"auto, (max-width: 305px) 100vw, 305px\" \/><\/figure>\n\n\n\n<p class=\"has-small-font-size\"><sub>Juni 2024<\/sub><\/p>\n\n\n\n<p class=\"has-text-align-center\">Da Johr mache d\u00b4 Leisechlimmer usm Enkedorf wieder mit am Markt. <br>Sie biete einiges an feine Waie a, wie ma\u00b4s vo ihre Waie-Feschte gwohnt isch.<\/p>\n\n\n\n<hr class=\"wp-block-separator has-alpha-channel-opacity is-style-dots\"\/>\n\n\n\n<p class=\"has-text-align-center\">Mir h\u00e4n d\u00b4 &#8222;Flying Fox&#8220; do, d\u00e4s isch ne mobili Seilrutschi vom <br>Kletterwald Hochempor. Do ka ma in luftiger H\u00f6hi \u00fcber d Hasel flitze.<\/p>\n\n\n\n<hr class=\"wp-block-separator aligncenter has-alpha-channel-opacity is-style-dots\"\/>\n\n\n\n<p class=\"has-text-align-center\">S kunnt ne Drechslerei us M\u00fcnche, die ihr Handwerk vorf\u00fchrt.<\/p>\n\n\n\n<hr class=\"wp-block-separator aligncenter has-alpha-channel-opacity is-style-dots\"\/>\n\n\n\n<p class=\"has-text-align-center\">D\u00b4 Fl\u00f6\u00dfergilde us Wallbach kunnt und macht Vorf\u00fchrunge.<\/p>\n\n\n\n<hr class=\"wp-block-separator aligncenter has-alpha-channel-opacity is-style-dots\"\/>\n\n\n\n<p class=\"has-text-align-center\">Us Todtmoos kunnt d\u00b4 Trachtelade und bietet ussadem zahlreichi <br>Schwarzwaldartikel im Heimatstyle a.<\/p>\n\n\n\n<hr class=\"wp-block-separator aligncenter has-alpha-channel-opacity is-style-dots\"\/>\n\n\n\n<p class=\"has-text-align-center\"><strong>Zum Thema Kulinarisches und was no botte isch<\/strong>!<br><br>Do \u00e4 kleine Uszug vo euse kulinarische Spezialit\u00e4te, die da Johr am Enkedorfmarkt abotte werde.<br>Ich hoff euch lauft scho s&#8216; Wasser im Muul zamme \ud83d\ude42<\/p>\n\n\n\n<hr class=\"wp-block-separator aligncenter has-alpha-channel-opacity is-style-dots\"\/>\n\n\n\n<p><strong>Landgasthof zur Sonne<\/strong><\/p>\n\n\n\n<ul class=\"wp-block-list\">\n<li>Vorderw\u00e4lder Kalbfleischk\u00fcechle mit Waldpilz-Cognacsauce, selbergmachti Sp\u00e4tzle und Gm\u00fces<\/li>\n\n\n\n<li>Knusprigi Buureente mit selbergmachte Serviettekn\u00f6del, Bratapfel und Kastanierotchrut<\/li>\n\n\n\n<li>Huusgmachti Bergk\u00e4sravioli mit Zwiebelschmelzi und glaciertem \u00d6pfl<\/li>\n<\/ul>\n\n\n\n<hr class=\"wp-block-separator aligncenter has-alpha-channel-opacity is-style-dots\"\/>\n\n\n\n<p><strong>Enkend\u00f6rfler Hausbr\u00e4u<\/strong><\/p>\n\n\n\n<ul class=\"wp-block-list\">\n<li>Bajuwaren Burger &#8211; gebackenes Bierwurstk\u00e4sebr\u00e4t mit Gurkel, Zwiebel und Senf im Weckerl<\/li>\n\n\n\n<li>hopfengestopftes Helles<\/li>\n<\/ul>\n\n\n\n<hr class=\"wp-block-separator aligncenter has-alpha-channel-opacity is-style-dots\"\/>\n\n\n\n<p><strong>Brauhaus Meier<\/strong><\/p>\n\n\n\n<ul class=\"wp-block-list\">\n<li>Rindergulasch mit Sp\u00e4tzle und Rotchrut<\/li>\n\n\n\n<li>Brunnmatthopf<\/li>\n\n\n\n<li><strong><em>D&#8216; fidele Dorfmusikante spiele ab d&#8216; 11i<\/em><\/strong><\/li>\n<\/ul>\n\n\n\n<hr class=\"wp-block-separator aligncenter has-alpha-channel-opacity is-style-dots\"\/>\n\n\n\n<p><strong>Jost Strau\u00dfi &#8211; Blechnerei<\/strong><\/p>\n\n\n\n<ul class=\"wp-block-list\">\n<li>verschiedeni Grillw\u00fcrscht mit Brot<\/li>\n\n\n\n<li>s\u00fc\u00dfi Waffle<\/li>\n\n\n\n<li>Bowle<\/li>\n\n\n\n<li><strong><em>Akkordeonorchester Akonima, Soundmix und no witari<\/em><\/strong><\/li>\n<\/ul>\n\n\n\n<hr class=\"wp-block-separator aligncenter has-alpha-channel-opacity is-style-dots\"\/>\n\n\n\n<p><strong>Enkendorf-Schenke<\/strong> <em>(Odenbach Transporte &amp; Gleis3)<\/em><\/p>\n\n\n\n<ul class=\"wp-block-list\">\n<li>Spie\u00dfbrode mit Herd\u00f6pflbrot<\/li>\n\n\n\n<li>Wildsaufrikadelle mit Herd\u00f6pflweckle<\/li>\n\n\n\n<li>Ochs am Spie\u00df mit Herd\u00f6pflbrot<\/li>\n\n\n\n<li>verschiedeni W\u00fcrscht im Weckle<\/li>\n\n\n\n<li>Schwenk-Herd\u00f6pfl mit Knobiso\u00dfe<\/li>\n\n\n\n<li>F\u00fcrsteberg vom Fa\u00df<\/li>\n\n\n\n<li><strong><em>obends Barbetrieb mit J\u00e4ger Cola, Aperol, Lillet und no meh<\/em><\/strong><\/li>\n\n\n\n<li><strong><em>an d&#8216; Obendveranschtaltung spielt d&#8216; Band REVOLVER<\/em><\/strong><\/li>\n<\/ul>\n\n\n\n<hr class=\"wp-block-separator aligncenter has-alpha-channel-opacity is-style-dots\"\/>\n\n\n\n<p><strong>GrillWolf<\/strong><\/p>\n\n\n\n<ul class=\"wp-block-list\">\n<li>Pulled Pork Burger mit Coleslow (grupfti Sau mit Chrut)<\/li>\n\n\n\n<li>Pollo Fino Burger mit Ananas (G\u00fcggeli ohni Chnoche)<\/li>\n\n\n\n<li>Porchetta Burger mediterran &#8222;chalt oder warm&#8220; (Rollbrode uff itali\u00e4nisch)<\/li>\n\n\n\n<li>Cidre (Franz\u00f6sische \u00d6pfelmoschd im Keramikbecher)<\/li>\n<\/ul>\n\n\n\n<hr class=\"wp-block-separator aligncenter has-alpha-channel-opacity is-style-dots\"\/>\n\n\n\n<p><strong>Sportsch\u00fctzenverein Wehr<\/strong><\/p>\n\n\n\n<ul class=\"wp-block-list\">\n<li>Sch\u00fcffele mit Suurchrut <\/li>\n\n\n\n<li>Sch\u00fcblig mit Suurchrut<\/li>\n\n\n\n<li>Dresdner Quarkspitze (was zum Schneuge)<\/li>\n\n\n\n<li><strong><em>Traditions-Schie\u00dfbudi wie fr\u00fcher am Rummel<\/em><\/strong><\/li>\n\n\n\n<li><strong><em>an d&#8216; Obendveranstaltung spiele d RANGER&#8217;s vom Enkedorf<\/em><\/strong><\/li>\n<\/ul>\n\n\n\n<hr class=\"wp-block-separator aligncenter has-alpha-channel-opacity is-style-dots\"\/>\n\n\n\n<p><strong>Winzermeister M. G\u00e4\u00dfler und B. Fischer &#8211; Weingut Frankenstein us Offenburg<\/strong><\/p>\n\n\n\n<ul class=\"wp-block-list\">\n<li>M\u00fcller Thurgau<\/li>\n\n\n\n<li>Riesling<\/li>\n\n\n\n<li>Grauburgunder<\/li>\n\n\n\n<li>Blauer Sp\u00e4tburgunder<\/li>\n\n\n\n<li>Oxer-Wein und Winzersekt<\/li>\n\n\n\n<li><strong><em>Musikzug Orschweier<\/em><\/strong><\/li>\n<\/ul>\n\n\n\n<hr class=\"wp-block-separator aligncenter has-alpha-channel-opacity is-style-dots\"\/>\n\n\n\n<p><strong>Gaudi-Stadl<\/strong><\/p>\n\n\n\n<ul class=\"wp-block-list\">\n<li>Wei\u00dfwurschtleberk\u00e4s in d&#8216; Brezensemmel<\/li>\n\n\n\n<li>Chillileberk\u00e4s und Leberk\u00e4s in d&#8216; Semmel<\/li>\n\n\n\n<li>Hacker Pschorr<\/li>\n\n\n\n<li><strong><em>am Obend Barbetrieb<\/em><\/strong><\/li>\n<\/ul>\n\n\n\n<hr class=\"wp-block-separator aligncenter has-alpha-channel-opacity is-style-dots\"\/>\n\n\n\n<p class=\"has-text-align-center\">Und vieli witari feini Sache!<\/p>\n","protected":false},"excerpt":{"rendered":"<p>Dezember 2025 zum 12. mol hei\u00dft es wida &#8222;Merk da\u00b4s Datum!&#8222; Am 12. September 2026 findet wida d\u00b4 Enkedorfmarkt statt Dezember 2024 Iladig an d\u00b4 Vernissage und Fotousstellung im Landhuus Weincaf\u00e9. K\u00f6mmet vorbei und lueget euch Fotos vom Enkedorfmarkt a! Malco Messerli 8lines GmbH &#8222;Merk da s&#8216; Datum&#8220;Am 07. September 2024 isch es wieder sowit. D\u00b4 Enkedorfmarkt gits jetz au uf Facebook. Lueget doch mol vorbei. Juni 2024 Da Johr mache d\u00b4 Leisechlimmer usm Enkedorf wieder mit am Markt. Sie&#8230;<\/p>\n<p class=\"read-more\"><a class=\"btn btn-default\" href=\"https:\/\/enkendorfmarkt.de\/?page_id=100\">Weiterlesen<span class=\"screen-reader-text\"> Weiterlesen<\/span><\/a><\/p>\n","protected":false},"author":1,"featured_media":0,"parent":0,"menu_order":0,"comment_status":"closed","ping_status":"closed","template":"","meta":{"pgc_sgb_lightbox_settings":"","footnotes":""},"class_list":["post-100","page","type-page","status-publish","hentry"],"_links":{"self":[{"href":"https:\/\/enkendorfmarkt.de\/index.php?rest_route=\/wp\/v2\/pages\/100","targetHints":{"allow":["GET"]}}],"collection":[{"href":"https:\/\/enkendorfmarkt.de\/index.php?rest_route=\/wp\/v2\/pages"}],"about":[{"href":"https:\/\/enkendorfmarkt.de\/index.php?rest_route=\/wp\/v2\/types\/page"}],"author":[{"embeddable":true,"href":"https:\/\/enkendorfmarkt.de\/index.php?rest_route=\/wp\/v2\/users\/1"}],"replies":[{"embeddable":true,"href":"https:\/\/enkendorfmarkt.de\/index.php?rest_route=%2Fwp%2Fv2%2Fcomments&post=100"}],"version-history":[{"count":79,"href":"https:\/\/enkendorfmarkt.de\/index.php?rest_route=\/wp\/v2\/pages\/100\/revisions"}],"predecessor-version":[{"id":1447,"href":"https:\/\/enkendorfmarkt.de\/index.php?rest_route=\/wp\/v2\/pages\/100\/revisions\/1447"}],"wp:attachment":[{"href":"https:\/\/enkendorfmarkt.de\/index.php?rest_route=%2Fwp%2Fv2%2Fmedia&parent=100"}],"curies":[{"name":"wp","href":"https:\/\/api.w.org\/{rel}","templated":true}]}}